{"id":1483,"date":"2020-03-24T10:18:38","date_gmt":"2020-03-24T09:18:38","guid":{"rendered":"https:\/\/www.kargruber.com\/privacy-policy\/"},"modified":"2020-03-24T10:27:41","modified_gmt":"2020-03-24T09:27:41","slug":"privacy-policy","status":"publish","type":"page","link":"https:\/\/www.kargruber.com\/it\/privacy-policy\/","title":{"rendered":"Privacy Policy"},"content":{"rendered":"<p>[et_pb_section fb_built=&#8221;1&#8243; admin_label=&#8221;section&#8221; _builder_version=&#8221;3.22&#8243;][et_pb_row admin_label=&#8221;row&#8221; _builder_version=&#8221;3.25&#8243; background_size=&#8221;initial&#8221; background_position=&#8221;top_left&#8221; background_repeat=&#8221;repeat&#8221;][et_pb_column type=&#8221;4_4&#8243; _builder_version=&#8221;3.25&#8243; custom_padding=&#8221;|||&#8221; custom_padding__hover=&#8221;|||&#8221;][et_pb_text _builder_version=&#8221;4.3.4&#8243;]<strong>INFORMATIVA ALLA PRIVACY POLICY \u2013 PRIVACY POLICY<\/strong><\/p>\n<p>&nbsp;<\/p>\n<p><strong>Obersinner Karin<\/strong>, con sede legale in 39030 Valle di Casies (BZ), Via San Martino 9\/A, in qualit\u00e0 di titolare del trattamento (in seguito, \u201c<strong><em>Titolare<\/em><\/strong>\u201d), La informa ai sensi dell\u2019art. 13 Regolamento UE n. 2016\/679 (in seguito, \u201c<strong>GDPR<\/strong>\u201d) che i Suoi dati saranno trattati con le modalit\u00e0 e per le finalit\u00e0 seguenti:<\/p>\n<p>&nbsp;<\/p>\n<ol>\n<li><strong> Oggetto del trattamento<\/strong><br \/>\nIl <strong>Titolare<\/strong> tratta i dati personali identificativi (ad esempio, nome, cognome, ragione sociale, indirizzo, telefono, cellulare, numero fax, e-mail, PEC.email, codice-SDI, codice fisciale, partita iva, riferimenti bancari e di pagamento \u2013 in seguito \u201c<strong>dati personali<\/strong>\u201d o anche \u201c<strong>dati<\/strong>\u201d) da Lei comunicati in occasione della definizione di contratti per i prodotti\/servizi del <strong>Titolare<\/strong>.<\/li>\n<\/ol>\n<p>&nbsp;<\/p>\n<p><strong>2.1 Finalit\u00e0 del trattamento<\/strong><br \/>\nI Suoi dati personali sono trattati:<\/p>\n<p>&nbsp;<\/p>\n<p><strong>A)<\/strong> ai sensi dell\u2019art. 6 lett. b) e c) GDPR, per le seguenti Finalit\u00e0:<br \/>\n\u2013 esecuzione dell\u2019oggetto del rapporto contrattuale cui Lei \u00e8 parte o esecuzione di misure precontrattuali adottate su Sua richiesta;<\/p>\n<p>\u2013 adempimento degli obblighi precontrattuali, contrattuali e fiscali derivanti da rapporti con Lei in essere;<\/p>\n<p>\u2013 adempimento degli obblighi previsti dalla legge, da un regolamento, dalla normativa comunitaria o da un ordine dell\u2019Autorit\u00e0 (come ad esempio in materia di antiriciclaggio);<\/p>\n<p>\u2013 esercizio dei diritti del <strong>Titolare<\/strong>, ad esempio il diritto di difesa in giudizio;<\/p>\n<p>&nbsp;<\/p>\n<p>Le segnaliamo che se Lei \u00e8 gi\u00e0 nostro cliente, potremo inviarLe comunicazioni commerciali relative a prodotti\/servizi del <strong>Titolare<\/strong>, omologhi a quelli gi\u00e0 da Lei acquistati dalla ns. societ\u00e0, attraverso un precedente rapporto commerciale, salvo Suo dissenso.<\/p>\n<p>&nbsp;<\/p>\n<p><strong>B)<\/strong> Solo previo Suo specifico e distinto consenso (art. 7 GDPR), per le seguenti finalit\u00e0 di Marketing:<br \/>\n\u2013 inviarLe via newsletter, e-mail, posta e\/o sms, WhatsApp Messenger e\/o contatti telefonici, comunicazioni commerciali e\/o materiale pubblicitario su prodotti\/servizi offerti dal <strong>Titolare<\/strong> e rilevazione del grado di soddisfazione sulla qualit\u00e0 dei prodotti\/servizi;<\/p>\n<p>&nbsp;<\/p>\n<p><strong>2.2 L&#8217;azienda e il Touristmanager <\/strong><\/p>\n<p>a. La societ\u00e0 <strong>Casa Kargruber di <\/strong><strong>Obersinner Karin<\/strong>, con sede legale in 39030 Valle di Casies (BZ), Via San Martino 9\/A \u00e8 il titolare responsabile della protezione dei dati personali che il Touristmanager utilizza per la gestione degli ospiti.<\/p>\n<p>b. La Societ\u00e0 rispetta e protegge il diritto alla privacy e adotta tutte le misure richieste dalla legge per proteggere le informazioni personali degli ospiti.<\/p>\n<p>c. Di conseguenza, nell&#8217;ambito di questa informativa sulla privacy potrete ottenere rapidamente e facilmente una panoramica delle informazioni raccolte, quali dei vostri dati personali vengono elaborati in qualit\u00e0 di potenziali clienti e\/o ospiti, a quali fini e su quale base legale. Inoltre, sarete informati in merito ai vostri diritti sulla protezione dei dati, i cosiddetti diritti dell&#8217;interessato.<\/p>\n<p><strong>2.3 Elaborazione dei dati nel Touristmanager <\/strong><\/p>\n<p>a. In particolare, tramite il Touristmanager, la societ\u00e0 gestisce ed elabora i dati dei suoi (potenziali) ospiti, ovvero nome, indirizzo, servizi e documenti utilizzati, corrispondenza, data di nascita, genere, nazionalit\u00e0, paese di nascita, dati dei documenti, dati contabili e di pagamento, interessi o intolleranze comunicate, handicap fisici o altri dati sulla salute,le date di registrazione e le date di soggiorno. La societ\u00e0 ha quindi anche la facolt\u00e0 di gestire gli adempimenti inerenti il pagamento della tassa locale, la segnalazione delle persone ospitate negli stabilimenti (rapporto di polizia) e i dati statistici richiesti. Se tali dati non vengono comunicati, i servizi erogati dall&#8217;azienda non possono essere concessi.<\/p>\n<p>b. La base giuridica del trattamento dei dati personali \u00e8, da un lato, la necessit\u00e0 di adempiere ai requisiti del contratto con l&#8217;ospite e dall&#8217;altro lato, l&#8217;esecuzione di misure precontrattuali richieste dell&#8217;ospite (Art. 6 Par. 1 lett. b GDPR) o &#8211; in particolare per quanto riguarda i dati sanitari &#8211; il relativo (esplicito) consenso (Articolo 6 Par. 1 lett. a GDPR o Articolo 9 Par. 2 lett. a GDPR), che pu\u00f2 essere revocato in qualsiasi momento nei confronti dell&#8217;azienda in conformit\u00e0 con le procedure previste nel consenso stesso. La revoca pu\u00f2 anche essere dichiarata a LTS via e-mail all&#8217;indirizzo gdpr@LTS.it, LTS provveder\u00e0 a inoltrare immediatamente la richiesta di revoca alla societ\u00e0. Il trattamento ha luogo nell&#8217;ambito del trattamento dei dati fino alla cessazione delle finalit\u00e0 contrattuali o degli obblighi di archiviazione legale, in particolare secondo la normativa fiscale e\/o societaria, o meglio in relazione alla base giuridica del consenso fino alla revoca.<\/p>\n<p>c. L&#8217;azienda utilizza i fornitori di servizi IT per le operazioni tecniche del gestore turistico, ovvero la LTS &#8211; Associazione provinciale delle organizzazioni turistiche dell\u2019Alto Adige, Via Conciapelli 60, 39100 Bolzano, Italia Tel. +39 0471 978060, Fax +39 0471 977661, e-mail: info@LTS.it, Web: www.LTS.it, (&#8220;LTS&#8221;), che pu\u00f2 accedere ai dati sopra citati. La societ\u00e0 ha stipulato gli accordi previsti in merito di protezione dei dati con LTS in modo che i dati sopra menzionati possano essere elaborati esclusivamente entro i limiti di legge e della sicurezza.<\/p>\n<p><strong>2.4 Informativa sui diritti in merito alla protezione dei dati<\/strong><\/p>\n<p>a.\u00a0<u>Diritto di recesso:<\/u> Nella misura in cui il trattamento \u00e8 basato su un consenso (esplicito), la persona interessata dal trattamento dei dati ha il diritto di revocare il proprio consenso in qualsiasi momento, senza ripercussioni sulla liceit\u00e0 del trattamento alla base del consenso fino alla revoca. Per tale procedimento vedere il punto 2.2. di cui sopra.<\/p>\n<p>b.\u00a0<u>Diritto di informazione:<\/u> Qualsiasi persona interessata dal trattamento dei propri dati ha il diritto di chiedere al responsabile la conferma del trattamento dei dati personali che lo riguardano; in tal caso, l&#8217;interessato ha diritto a ricevere informazioni su tali dati personali (una copia dei dati personali oggetto del trattamento) e di avere accesso alle seguenti informazioni: (a) i fini del trattamento; (b) le categorie di dati personali oggetto di trattamento; (c) i destinatari o le categorie di destinatari a cui i dati personali sono stati comunicati o sono ancora oggetto di divulgazione, in particolare ai destinatari di paesi terzi o alle organizzazioni internazionali; (d) se possibile, la durata prevista di archiviazione dei dati personali o, se ci\u00f2 non \u00e8 possibile, i criteri di determinazione della durata; (e) il diritto di rettifica o cancellazione dei dati personali che li riguardano, o la limitazione del trattamento da parte del responsabile o il diritto di opporsi a tale trattamento; (f) l&#8217;esistenza di un diritto di ricorso a un&#8217;autorit\u00e0 di controllo; (g) se i dati personali non sono rilasciati dall&#8217;interessato, tutte le informazioni disponibili sulla fonte dei dati; (h) l&#8217;esistenza di processi decisionali automatizzati, inclusa la profilazione. Il responsabile del trattamento fornir\u00e0 una copia dei dati personali oggetto del trattamento. Per tutte le ulteriori copie richieste dall&#8217;interessato, il responsabile pu\u00f2 richiedere un compenso commisurato ai costi amministrativi. Se l&#8217;interessato presenta la domanda in via elettronica, tali informazioni devono essere fornite in formato elettronico standard, salvo diversa indicazione.<\/p>\n<p>c. <u>Diritto di rettifica e cancellazione:<\/u> L&#8217;interessato ha il diritto di chiedere immediatamente al responsabile la correzione di dati personali errati che lo riguardano. In considerazione delle finalit\u00e0 del trattamento, l&#8217;interessato ha il diritto di richiedere l&#8217;aggiornamento dei dati personali incompleti, anche mediante dichiarazione integrativa. Inoltre, l&#8217;interessato ha il diritto di chiedere al titolare responsabile dei dati la cancellazione immediata dei dati personali che lo riguardano, e il responsabile \u00e8 obbligato a cancellare immediatamente i dati personali, in uno dei seguenti casi: (a) i dati personali non sono pi\u00f9 necessari per gli scopi per i quali sono stati raccolti o altrimenti trattati. (b) l&#8217;interessato ritira il consenso su cui si basa il trattamento e non vi \u00e8 altro presupposto legale per l&#8217;elaborazione. (c) L&#8217;interessato presenta un&#8217;obiezione (vedi sotto) all&#8217;elaborazione. (d) I dati personali sono stati trattati illegalmente. (e) La cancellazione dei dati personali \u00e8 necessaria per adempiere a un obbligo legale a cui \u00e8 soggetto il responsabile. (f) I dati personali sono stati raccolti sulla base dei servizi offerti dalla societ\u00e0 di informazione (consenso di un minore). In particolare, il diritto di recesso non esiste nella misura in cui il trattamento \u00e8 necessario per adempiere a un obbligo legale da parte del responsabile o per espletare un compito nell&#8217;interesse pubblico o nell&#8217;esercizio di poteri pubblici delegati al responsabile del trattamento e\/o per fa valere, esercitare o difendere i propri diritti legali.<\/p>\n<p>d.\u00a0<u>Diritto alla limitazione del trattamento:<\/u> L&#8217;interessato ha il diritto di richiedere al responsabile del trattamento dei dati di limitarne l&#8217;elaborazione se si verifica una delle seguenti condizioni: (A) se viene contestata l&#8217;esattezza dei dati personali da parte della persona interessata e precisamente allo scadere del periodo di tempo concesso al responsabile per verificare l&#8217;esattezza dei dati personali, (b) il trattamento \u00e8 illecito, l&#8217;interessato rifiuta di cancellare i dati personali e ne richiede invece la limitazione d&#8217;uso; (c) il responsabile del trattamento non ha pi\u00f9 bisogno dei dati personali ai fini del trattamento, ma la persona interessata richiede di far valere, esercitare o difendere i propri diritti legali; o (d) la persona interessata ha presentato un&#8217;obiezione al trattamento, a condizione che non venga appurato che la legittimit\u00e0 delle ragioni del responsabile del trattamento sia superiore a quella della persona interessata. Se il trattamento \u00e8 stato limitato, questi dati personali possono essere archiviati solo con il consenso dell&#8217;interessato o allo scopo di far valere, esercitare o difendere diritti legali o tutelare i diritti di un&#8217;altra persona fisica o giuridica o per motivi di rilevante interesse pubblico per l&#8217; Unione o per uno Stato membro. La persona interessata che ha limitato l&#8217;elaborazione dei propri dati personali sar\u00e0 informata dal responsabile del trattamento qualora tale restrizione venga revocata.<\/p>\n<p>e.\u00a0<u>Diritto alla portabilit\u00e0 dei dati:<\/u> Se il trattamento dei dati si basa sul consenso o su un contratto e viene effettuato con mezzi automatizzati, l&#8217;interessato ha il diritto di ricevere i dati personali che lo riguardano forniti al responsabile del trattamento in un formato strutturato, di uso comune e leggibile meccanicamente. Nell&#8217;esercizio del proprio diritto alla portabilit\u00e0 dei dati, ove tecnicamente possibile, l&#8217;interessato ha il diritto di ottenere i dati personali da trasferire direttamente da un responsabile ad un&#8217; altro.<\/p>\n<p>f.\u00a0<u>Diritto di opposizione:<\/u> L&#8217;interessato ha il diritto, in qualsiasi momento e per motivi derivanti dalla sua particolare situazione, di opporsi al trattamento di dati personali che lo riguardano necessari all&#8217;esercizio di un compito nell&#8217;interesse pubblico o di pubblici poteri a lui attribuibili, che \u00e8 stato assegnato al responsabile del trattamento o che \u00e8 necessario per la tutela degli interessi legittimi del responsabile del trattamento o di un terzo.Il responsabile del trattamento non pu\u00f2 pi\u00f9 elaborare quindi i dati personali, a meno che non sia in grado di presentare motivi legittimi per l&#8217;elaborazione che prevalgono sugli interessi, i diritti e le libert\u00e0 dell&#8217;interessato, o nel caso in cui il trattamento dei dati abbia lo scopo di far valere, perseguire o difendere i propri diritti legali. Se i dati personali vengono espressamente trattati a scopi promozionali, l&#8217;interessato ha il diritto di opporsi in qualsiasi momento al loro trattamento. Se l&#8217;interessato si oppone al trattamento dei propri dati personali a fini espliciti di marketing, essi non saranno pi\u00f9 trattati a tale fine.<\/p>\n<p>g.\u00a0<u>Diritto di reclamo all&#8217;autorit\u00e0 di controllo:<\/u> Fatto salvo ogni altro ricorso amministrativo o giurisdizionale, l\u2019interessato che ritenga il trattamento dei suoi dati personali non conforme al presente regolamento ha il diritto di presentare reclamo ad un\u2019autorit\u00e0 di controllo, in particolare nei confronti di qualunque stato membro, dello stato di residenza, del luogo di lavoro o del luogo di presunta violazione. In Italia l\u2019autorit\u00e0 competente \u00e8 il \u201cgarante per la protezione dei dati personali\u201d.<\/p>\n<p>&nbsp;<\/p>\n<ol start=\"3\">\n<li><strong> Modalit\u00e0 di trattamento<\/strong><br \/>\nIl trattamento dei Suoi dati personali avviene per mezzo delle operazioni indicate all\u2019art. 4 n. 2) GDPR e precisamente: raccolta, registrazione, organizzazione, conservazione, consultazione, elaborazione, modificazione, selezione, estrazione, raffronto, utilizzo, interconnessione, blocco, comunicazione, cancellazione e distruzione dei dati. I Suoi dati personali sono sottoposti a trattamento sia cartaceo che elettronico e\/o automatizzato.<\/li>\n<\/ol>\n<p>&nbsp;<\/p>\n<p>Il <strong>Titolare<\/strong> tratter\u00e0 i dati personali per il tempo necessario per adempiere alle finalit\u00e0 di cui sopra e comunque per non oltre 10 anni dalla cessazione del rapporto per le Finalit\u00e0 indicate e per non oltre 3 anni dalla raccolta dei dati per le Finalit\u00e0 di Marketing.<\/p>\n<p>&nbsp;<\/p>\n<ol start=\"4\">\n<li><strong> Accesso ai dati<\/strong><br \/>\nI Suoi dati potranno essere resi accessibili per le finalit\u00e0 di cui all\u2019art. 2.A) e 2.B):<\/li>\n<\/ol>\n<p>\u2013 a dipendenti e collaboratori del <strong>Titolare<\/strong> in Italia e all\u2019estero, nella loro qualit\u00e0 di autorizzati e\/o referenti interni del trattamento e\/o amministratori di sistema;<\/p>\n<p>\u2013 a societ\u00e0 terze o altri soggetti (a titolo indicativo, istituti di credito, studi professionali, consulenti, societ\u00e0 di assicurazione per la prestazione di servizi assicurativi, etc.) che svolgono attivit\u00e0 in outsourcing per conto del <strong>Titolar<\/strong>e, nella loro qualit\u00e0 di responsabili esterni del trattamento.<\/p>\n<p>&nbsp;<\/p>\n<ol start=\"5\">\n<li><strong> Comunicazione dei dati<\/strong><br \/>\nSenza la necessit\u00e0 di un espresso consenso (ex art. 6 lett. b) e c) GDPR), il <strong>Titolare<\/strong> potr\u00e0 comunicare i Suoi dati per le finalit\u00e0 di cui all\u2019art. 2.A) a Organismi di vigilanza, Autorit\u00e0 giudiziarie, a societ\u00e0 di assicurazione per la prestazione di servizi assicurativi, nonch\u00e9 a quei soggetti ai quali la comunicazione sia obbligatoria per legge per l\u2019espletamento delle finalit\u00e0 dette. Detti soggetti tratteranno i dati nella loro qualit\u00e0 di autonomi titolari del trattamento.<\/li>\n<\/ol>\n<p>I Suoi dati non saranno diffusi.<\/p>\n<p>&nbsp;<\/p>\n<ol start=\"6\">\n<li><strong> Trasferimento dati<\/strong><br \/>\nI dati personali saranno trattati sia su supporto cartaceo che elettronico e\/o automatizzato presso la sede legale del titolare, e conservati all&#8217;interno dell&#8217;Unione Europea. I dati personali che ci pervengono via e-mail o tramite il modulo di contatto sul nostro sito web sono memorizzati su server di Limitis in Alto Adige (Italia) all&#8217;interno dell&#8217;Unione Europea. I dati personali che ci pervengono per mezzo della posta PEC sono conservati sui server di Aruba S.P.A. ad Arezzo, Roma e Milano (Italia) all&#8217;interno dell&#8217;Unione Europea.<\/li>\n<\/ol>\n<p>&nbsp;<\/p>\n<ol start=\"7\">\n<li><strong> Natura del conferimento dei dati e conseguenze del rifiuto di rispondere<\/strong><br \/>\nIl conferimento dei dati per le finalit\u00e0 di cui all\u2019art. 2.A) \u00e8 obbligatorio. In loro assenza, non potremo garantirle l\u2019esecuzione del contratto di cui all\u2019art. 2.A).<\/li>\n<\/ol>\n<p>Il conferimento dei dati per le finalit\u00e0 di cui all\u2019art. 2.B) \u00e8 invece facoltativo. Pu\u00f2 quindi decidere di non conferire alcun dato o di negare successivamente la possibilit\u00e0 di trattare dati gi\u00e0 forniti: in tal caso, non potr\u00e0 ricevere newsletter, comunicazioni commerciali e materiale pubblicitario inerenti ai Prodotti\/Servizi offerti dal <strong>Titolare<\/strong>. Continuer\u00e0 comunque ad avere diritto ai Prodotti\/Servizi di cui all\u2019art. 2.A).<\/p>\n<p><strong>8. Diritti dell\u2019interessato<\/strong><br \/>\nNella Sua qualit\u00e0 di interessato, gode dei diritti di cui all\u2019 art. 15 GDPR e precisamente i diritti di:<\/p>\n<ol>\n<li>ottenere la conferma dell\u2019esistenza o meno di dati personali che La riguardano, anche se non ancora registrati, e la loro comunicazione in forma intelligibile;<\/li>\n<li>ottenere l\u2019indicazione: a) dell\u2019origine dei dati personali; b) delle finalit\u00e0 e modalit\u00e0 del trattamento; c) della logica applicata in caso di trattamento effettuato con l\u2019ausilio di strumenti elettronici; d) degli estremi identificativi del <strong>titolare<\/strong>, dei<br \/>\nresponsabili e del rappresentante designato ai sensi dell\u2019art. 3, comma 1, GDPR; e) dei soggetti o delle categorie di soggetti ai quali i dati personali possono essere comunicati o che possono venirne a conoscenza in qualit\u00e0 di rappresentante designato nel territorio dello Stato, di designati o autorizzati;<\/li>\n<li>ottenere: a) l\u2019aggiornamento, la rettificazione ovvero, quando vi ha interesse, l\u2019integrazione dei dati; b) la cancellazione, la trasformazione in forma anonima o il blocco dei dati trattati in violazione di legge, compresi quelli di cui non \u00e8 necessaria la conservazione in relazione agli scopi per i quali i dati sono stati raccolti o successivamente trattati; c) l\u2019attestazione che le operazioni di cui alle lettere a) e b) sono state portate a conoscenza, anche per quanto riguarda il loro contenuto, di coloro ai quali i dati sono stati comunicati o diffusi, eccettuato il caso in cui tale adempimento si rivela impossibile o comporta un impiego di mezzi manifestamente sproporzionato rispetto al diritto tutelato;<\/li>\n<li>opporsi, in tutto o in parte: a) per motivi legittimi al trattamento dei dati personali che La riguardano, ancorch\u00e9 pertinenti allo scopo della raccolta; b) al trattamento di dati personali che La riguardano a fini di invio di materiale pubblicitario o di vendita diretta o per il compimento di ricerche di mercato o di comunicazione commerciale, mediante e-mail e\/o mediante modalit\u00e0 di marketing tradizionali mediante telefono, WhatsApp Messenger e\/o posta cartacea.<\/li>\n<\/ol>\n<p>Ove applicabili, ha altres\u00ec i diritti di cui agli artt. 16-21 GDPR (Diritto di rettifica, diritto all\u2019oblio, diritto di limitazione di trattamento, diritto alla portabilit\u00e0 dei dati, diritto di opposizione), nonch\u00e9 il diritto di reclamo all\u2019Autorit\u00e0 Garante.<\/p>\n<p>&nbsp;<\/p>\n<ol start=\"9\">\n<li><strong> Modalit\u00e0 di esercizio dei diritti<\/strong><br \/>\nPotr\u00e0 in qualsiasi momento esercitare i diritti inviando:<\/li>\n<\/ol>\n<p>\u2013 una raccomandata a.r. all\u2019indirizzo della sede legale del <strong>titolare<\/strong>;<\/p>\n<p>\u2013 una e-mail all\u2019indirizzo <a href=\"mailto:info@kargruber.com\">info@kargruber.com<\/a> o indirizzo email certificato <a href=\"mailto:karin@pec.bz.it\">karin@pec.bz.it<\/a><\/p>\n<p>&nbsp;<\/p>\n<ol start=\"10\">\n<li><strong> Titolare, responsabili e autorizzati<\/strong><br \/>\nIl Titolare del trattamento \u00e8 <strong>Obersinner Karin<\/strong>, con sede legale in 39030 Valle di Casies (BZ), Via San Martino 9\/A.<\/li>\n<\/ol>\n<p>&nbsp;<\/p>\n<p>Il responsabile del trattamento dei dati \u00e8 Obersinner Karin.[\/et_pb_text][\/et_pb_column][\/et_pb_row][\/et_pb_section]<\/p>\n","protected":false},"excerpt":{"rendered":"<p>INFORMATIVA ALLA PRIVACY POLICY \u2013 PRIVACY POLICY &nbsp; Obersinner Karin, con sede legale in 39030 Valle di Casies (BZ), Via San Martino 9\/A, in qualit\u00e0 di titolare del trattamento (in seguito, \u201cTitolare\u201d), La informa ai sensi dell\u2019art. 13 Regolamento UE n. 2016\/679 (in seguito, \u201cGDPR\u201d) che i Suoi dati saranno trattati con le modalit\u00e0 e [&hellip;]<\/p>\n","protected":false},"author":1,"featured_media":0,"parent":0,"menu_order":0,"comment_status":"closed","ping_status":"open","template":"","meta":{"_et_pb_use_builder":"on","_et_pb_old_content":"","_et_gb_content_width":"","footnotes":""},"class_list":["post-1483","page","type-page","status-publish","hentry"],"aioseo_notices":[],"_links":{"self":[{"href":"https:\/\/www.kargruber.com\/it\/wp-json\/wp\/v2\/pages\/1483","targetHints":{"allow":["GET"]}}],"collection":[{"href":"https:\/\/www.kargruber.com\/it\/wp-json\/wp\/v2\/pages"}],"about":[{"href":"https:\/\/www.kargruber.com\/it\/wp-json\/wp\/v2\/types\/page"}],"author":[{"embeddable":true,"href":"https:\/\/www.kargruber.com\/it\/wp-json\/wp\/v2\/users\/1"}],"replies":[{"embeddable":true,"href":"https:\/\/www.kargruber.com\/it\/wp-json\/wp\/v2\/comments?post=1483"}],"version-history":[{"count":0,"href":"https:\/\/www.kargruber.com\/it\/wp-json\/wp\/v2\/pages\/1483\/revisions"}],"wp:attachment":[{"href":"https:\/\/www.kargruber.com\/it\/wp-json\/wp\/v2\/media?parent=1483"}],"curies":[{"name":"wp","href":"https:\/\/api.w.org\/{rel}","templated":true}]}}